{"id":521,"date":"2024-04-02T06:44:25","date_gmt":"2024-04-02T06:44:25","guid":{"rendered":"https:\/\/spkontrolle.quelinka.es\/?page_id=521"},"modified":"2025-07-28T10:22:45","modified_gmt":"2025-07-28T10:22:45","slug":"politica-de-privacidad","status":"publish","type":"page","link":"https:\/\/www.spkontrolle.com\/es\/politica-de-privacidad\/","title":{"rendered":"Pol\u00edtica de privacidad"},"content":{"rendered":"\t\t<div data-elementor-type=\"wp-page\" data-elementor-id=\"521\" class=\"elementor elementor-521\" data-elementor-post-type=\"page\">\n\t\t\t\t\t\t<section class=\"elementor-section elementor-top-section elementor-element elementor-element-095ac5c elementor-section-boxed elementor-section-height-default elementor-section-height-default\" data-id=\"095ac5c\" data-element_type=\"section\">\n\t\t\t\t\t\t<div class=\"elementor-container elementor-column-gap-default\">\n\t\t\t\t\t<div class=\"elementor-column elementor-col-100 elementor-top-column elementor-element elementor-element-0c9924c\" data-id=\"0c9924c\" data-element_type=\"column\">\n\t\t\t<div class=\"elementor-widget-wrap elementor-element-populated\">\n\t\t\t\t\t\t<div class=\"elementor-element elementor-element-13e6ccb elementor-widget elementor-widget-heading\" data-id=\"13e6ccb\" data-element_type=\"widget\" data-widget_type=\"heading.default\">\n\t\t\t\t<div class=\"elementor-widget-container\">\n\t\t\t\t\t<h2 class=\"elementor-heading-title elementor-size-default\">Legitimaci\u00f3n<\/h2>\t\t\t\t<\/div>\n\t\t\t\t<\/div>\n\t\t\t\t<div class=\"elementor-element elementor-element-29d385d elementor-widget elementor-widget-text-editor\" data-id=\"29d385d\" data-element_type=\"widget\" data-widget_type=\"text-editor.default\">\n\t\t\t\t<div class=\"elementor-widget-container\">\n\t\t\t\t\t\t\t\t\t<p>Consentimiento del interesado o de su representante legal al rellenar el formulario de la petici\u00f3n o consulta que el mismo realiza, o al contactar a trav\u00e9s de cualquiera de los enlaces a correo electr\u00f3nico de contacto facilitados en la p\u00e1gina.<\/p>\t\t\t\t\t\t\t\t<\/div>\n\t\t\t\t<\/div>\n\t\t\t\t<div class=\"elementor-element elementor-element-a3e3393 elementor-widget elementor-widget-heading\" data-id=\"a3e3393\" data-element_type=\"widget\" data-widget_type=\"heading.default\">\n\t\t\t\t<div class=\"elementor-widget-container\">\n\t\t\t\t\t<h2 class=\"elementor-heading-title elementor-size-default\">Destinatarios<\/h2>\t\t\t\t<\/div>\n\t\t\t\t<\/div>\n\t\t\t\t<div class=\"elementor-element elementor-element-b3ce6e7 elementor-widget elementor-widget-text-editor\" data-id=\"b3ce6e7\" data-element_type=\"widget\" data-widget_type=\"text-editor.default\">\n\t\t\t\t<div class=\"elementor-widget-container\">\n\t\t\t\t\t\t\t\t\t<p>Los datos personales que usted ha facilitado tienen como \u00fanico destinatario a SPKontrolle Develops GmbH<\/p><p>No se prev\u00e9n cesiones de datos.<\/p><p>No se prev\u00e9 la transferencia internacional de sus datos personales.<\/p>\t\t\t\t\t\t\t\t<\/div>\n\t\t\t\t<\/div>\n\t\t\t\t<div class=\"elementor-element elementor-element-7a7376d elementor-widget elementor-widget-heading\" data-id=\"7a7376d\" data-element_type=\"widget\" data-widget_type=\"heading.default\">\n\t\t\t\t<div class=\"elementor-widget-container\">\n\t\t\t\t\t<h2 class=\"elementor-heading-title elementor-size-default\">Derechos<\/h2>\t\t\t\t<\/div>\n\t\t\t\t<\/div>\n\t\t\t\t<div class=\"elementor-element elementor-element-7a1df56 elementor-widget elementor-widget-text-editor\" data-id=\"7a1df56\" data-element_type=\"widget\" data-widget_type=\"text-editor.default\">\n\t\t\t\t<div class=\"elementor-widget-container\">\n\t\t\t\t\t\t\t\t\t<p>Tiene derecho a acceder, rectificar y suprimir los datos, as\u00ed como otros derechos, como se explica en la informaci\u00f3n adicional, contactando con SPKontrolle Develops GmbH a trav\u00e9s de info@spkontrolle.com\u00a0 o +49 0170 -2340016<\/p><p>El interesado reconoce la recepci\u00f3n de esta informaci\u00f3n procedente de parte de SPKontrolle Develops GmbH, y ha le\u00eddo la informaci\u00f3n adicional sobre el tratamiento de sus datos personales.<\/p>\t\t\t\t\t\t\t\t<\/div>\n\t\t\t\t<\/div>\n\t\t\t\t<div class=\"elementor-element elementor-element-8b30fb1 elementor-widget elementor-widget-heading\" data-id=\"8b30fb1\" data-element_type=\"widget\" data-widget_type=\"heading.default\">\n\t\t\t\t<div class=\"elementor-widget-container\">\n\t\t\t\t\t<h2 class=\"elementor-heading-title elementor-size-default\">Informaci\u00f3n adicional sobre protecci\u00f3n de datos<\/h2>\t\t\t\t<\/div>\n\t\t\t\t<\/div>\n\t\t\t\t<div class=\"elementor-element elementor-element-5586e94 elementor-widget elementor-widget-text-editor\" data-id=\"5586e94\" data-element_type=\"widget\" data-widget_type=\"text-editor.default\">\n\t\t\t\t<div class=\"elementor-widget-container\">\n\t\t\t\t\t\t\t\t\t<p>\u00bfQui\u00e9n es el Responsable del tratamiento de sus datos personales?<\/p><p>Raz\u00f3n social: SPKontrolle Develops GmbH<\/p><p>CIF: DE362787164<\/p><ul><li>Direcci\u00f3n fiscal: Darmst\u00e4dter Landstra\u00dfe 116, 60598 Frankfurt am Main<\/li><li>Tel\u00e9fono: +49 0170 -2340016<\/li><li>Correo electr\u00f3nico: info@spkontrolle.com<\/li><li>Dominio: www.spkontrolle.com<\/li><\/ul>\t\t\t\t\t\t\t\t<\/div>\n\t\t\t\t<\/div>\n\t\t\t\t<div class=\"elementor-element elementor-element-5782308 elementor-widget elementor-widget-heading\" data-id=\"5782308\" data-element_type=\"widget\" data-widget_type=\"heading.default\">\n\t\t\t\t<div class=\"elementor-widget-container\">\n\t\t\t\t\t<h2 class=\"elementor-heading-title elementor-size-default\">\u00bfCon qu\u00e9 finalidad tratamos sus datos personales?<\/h2>\t\t\t\t<\/div>\n\t\t\t\t<\/div>\n\t\t\t\t<div class=\"elementor-element elementor-element-e380455 elementor-widget elementor-widget-text-editor\" data-id=\"e380455\" data-element_type=\"widget\" data-widget_type=\"text-editor.default\">\n\t\t\t\t<div class=\"elementor-widget-container\">\n\t\t\t\t\t\t\t\t\t<p>SPKontrolle Develops GmbH trata la informaci\u00f3n que nos facilitan las personas interesadas con el fin de mantener la comunicaci\u00f3n entre ambas partes, la resoluci\u00f3n de dudas y consultas planteadas.<\/p>\t\t\t\t\t\t\t\t<\/div>\n\t\t\t\t<\/div>\n\t\t\t\t<div class=\"elementor-element elementor-element-2b17085 elementor-widget elementor-widget-heading\" data-id=\"2b17085\" data-element_type=\"widget\" data-widget_type=\"heading.default\">\n\t\t\t\t<div class=\"elementor-widget-container\">\n\t\t\t\t\t<h2 class=\"elementor-heading-title elementor-size-default\">\u00bfPor cu\u00e1nto tiempo conservaremos sus datos?<\/h2>\t\t\t\t<\/div>\n\t\t\t\t<\/div>\n\t\t\t\t<div class=\"elementor-element elementor-element-52bc081 elementor-widget elementor-widget-text-editor\" data-id=\"52bc081\" data-element_type=\"widget\" data-widget_type=\"text-editor.default\">\n\t\t\t\t<div class=\"elementor-widget-container\">\n\t\t\t\t\t\t\t\t\t<p>Los datos personales proporcionados se conservar\u00e1n durante un tiempo prudencial desde la respuesta a su consulta o petici\u00f3n y se eliminar\u00e1n cuando hayan dejado de ser necesarios para los fines que motivaron su recogida.<\/p><p>Si el interesado ha autorizado el uso de su informaci\u00f3n de contacto para fines de recepci\u00f3n de informaci\u00f3n comercial, estos datos ser\u00e1n conservados mientras no se manifieste el deseo de exclusi\u00f3n de las listas de distribuci\u00f3n comerciales.<\/p>\t\t\t\t\t\t\t\t<\/div>\n\t\t\t\t<\/div>\n\t\t\t\t<div class=\"elementor-element elementor-element-7120280 elementor-widget elementor-widget-heading\" data-id=\"7120280\" data-element_type=\"widget\" data-widget_type=\"heading.default\">\n\t\t\t\t<div class=\"elementor-widget-container\">\n\t\t\t\t\t<h2 class=\"elementor-heading-title elementor-size-default\">\u00bfCu\u00e1l es la legitimaci\u00f3n para el tratamiento de sus datos personales?<\/h2>\t\t\t\t<\/div>\n\t\t\t\t<\/div>\n\t\t\t\t<div class=\"elementor-element elementor-element-96dafba elementor-widget elementor-widget-text-editor\" data-id=\"96dafba\" data-element_type=\"widget\" data-widget_type=\"text-editor.default\">\n\t\t\t\t<div class=\"elementor-widget-container\">\n\t\t\t\t\t\t\t\t\t<p>La base legal para el tratamiento de sus datos personales es el consentimiento del interesado o de su representante legal al rellenar el formulario de la petici\u00f3n o consulta que el mismo realiza, o al contactar a trav\u00e9s de cualquiera de los enlaces a correo electr\u00f3nico de contacto facilitados en la p\u00e1gina.<\/p>\t\t\t\t\t\t\t\t<\/div>\n\t\t\t\t<\/div>\n\t\t\t\t<div class=\"elementor-element elementor-element-7400b99 elementor-widget elementor-widget-heading\" data-id=\"7400b99\" data-element_type=\"widget\" data-widget_type=\"heading.default\">\n\t\t\t\t<div class=\"elementor-widget-container\">\n\t\t\t\t\t<h2 class=\"elementor-heading-title elementor-size-default\">\u00bfSe comunicar\u00e1n sus datos a terceros?<\/h2>\t\t\t\t<\/div>\n\t\t\t\t<\/div>\n\t\t\t\t<div class=\"elementor-element elementor-element-65cca67 elementor-widget elementor-widget-text-editor\" data-id=\"65cca67\" data-element_type=\"widget\" data-widget_type=\"text-editor.default\">\n\t\t\t\t<div class=\"elementor-widget-container\">\n\t\t\t\t\t\t\t\t\t<p>No. Los datos que usted ha proporcionado tienen como destinatario a SPKontrolle Develops GmbH<\/p><p>No se prev\u00e9 la transferencia internacional de sus datos personales.<\/p><p>SPKontrolle Develops GmbH mantiene contratados servicios de hosting web y webmail con proveedores especializados. Ello supone que los datos de env\u00edos telem\u00e1ticos en alg\u00fan momento se almacenar\u00e1n en estos servidores de terceros con los que SPKontrolle Develops GmbH tiene firmados las correspondientes cl\u00e1usulas de confidencialidad.<\/p>\t\t\t\t\t\t\t\t<\/div>\n\t\t\t\t<\/div>\n\t\t\t\t<div class=\"elementor-element elementor-element-bff13f3 elementor-widget elementor-widget-heading\" data-id=\"bff13f3\" data-element_type=\"widget\" data-widget_type=\"heading.default\">\n\t\t\t\t<div class=\"elementor-widget-container\">\n\t\t\t\t\t<h2 class=\"elementor-heading-title elementor-size-default\">\u00bfCu\u00e1les son sus derechos cuando nos facilita sus datos?<\/h2>\t\t\t\t<\/div>\n\t\t\t\t<\/div>\n\t\t\t\t<div class=\"elementor-element elementor-element-2cd2b60 elementor-widget elementor-widget-text-editor\" data-id=\"2cd2b60\" data-element_type=\"widget\" data-widget_type=\"text-editor.default\">\n\t\t\t\t<div class=\"elementor-widget-container\">\n\t\t\t\t\t\t\t\t\t<p>Las personas interesadas tienen derecho a acceder a sus datos personales, as\u00ed como a solicitar la rectificaci\u00f3n de los datos inexactos o, en su caso, solicitar su supresi\u00f3n cuando, entre otros motivos, los datos ya no sean necesarios para los fines que fueron recogidos. Adem\u00e1s tendr\u00e1n derecho a solicitar la limitaci\u00f3n de su tratamiento y a oponerse a este y tambi\u00e9n tendr\u00e1n derecho a la portabilidad de sus datos personales conforme a lo establecido en el Reglamento de Protecci\u00f3n de Datos sancionado por la Uni\u00f3n Europea.<\/p><p>En determinadas circunstancias, los interesados podr\u00e1n solicitar la limitaci\u00f3n del tratamiento de sus datos, en cuyo caso \u00fanicamente los conservaremos para el ejercicio o la defensa de reclamaciones.<\/p><p>En determinadas circunstancias y por motivos relacionados con su situaci\u00f3n particular, los interesados podr\u00e1n oponerse al tratamiento de sus datos. SPKontrolle Develops GmbH dejar\u00e1 de tratar los datos, salvo por motivos leg\u00edtimos o el ejercicio o la defensa de posibles reclamaciones.<\/p><p>Para el ejercicio de los derechos establecidos por la ley y los cu\u00e1les han sido descritos anteriormente, hay que dirigirse por escrito SPKontrolle Develops GmbH<\/p><p>Si el interesado lo solicita, SPKontrolle Develops GmbH le facilitar\u00e1 el formulario correspondiente para ejercer cualquiera de sus derechos.<\/p>\t\t\t\t\t\t\t\t<\/div>\n\t\t\t\t<\/div>\n\t\t\t\t\t<\/div>\n\t\t<\/div>\n\t\t\t\t\t<\/div>\n\t\t<\/section>\n\t\t\t\t<\/div>\n\t\t","protected":false},"excerpt":{"rendered":"<p>Legitimaci\u00f3n Consentimiento del interesado o de su representante legal al rellenar el formulario de la petici\u00f3n o consulta que el mismo realiza, o al contactar a trav\u00e9s de cualquiera de los enlaces a correo electr\u00f3nico de contacto facilitados en la p\u00e1gina. Destinatarios Los datos personales que usted ha facilitado tienen como \u00fanico destinatario a SPKontrolle &#8230; <a title=\"Pol\u00edtica de privacidad\" class=\"read-more\" href=\"https:\/\/www.spkontrolle.com\/es\/politica-de-privacidad\/\" aria-label=\"Leer m\u00e1s sobre Pol\u00edtica de privacidad\">Leer m\u00e1s<\/a><\/p>\n","protected":false},"author":2,"featured_media":0,"parent":0,"menu_order":0,"comment_status":"closed","ping_status":"closed","template":"elementor_header_footer","meta":{"_acf_changed":false,"footnotes":""},"class_list":["post-521","page","type-page","status-publish"],"acf":[],"_links":{"self":[{"href":"https:\/\/www.spkontrolle.com\/es\/wp-json\/wp\/v2\/pages\/521","targetHints":{"allow":["GET"]}}],"collection":[{"href":"https:\/\/www.spkontrolle.com\/es\/wp-json\/wp\/v2\/pages"}],"about":[{"href":"https:\/\/www.spkontrolle.com\/es\/wp-json\/wp\/v2\/types\/page"}],"author":[{"embeddable":true,"href":"https:\/\/www.spkontrolle.com\/es\/wp-json\/wp\/v2\/users\/2"}],"replies":[{"embeddable":true,"href":"https:\/\/www.spkontrolle.com\/es\/wp-json\/wp\/v2\/comments?post=521"}],"version-history":[{"count":13,"href":"https:\/\/www.spkontrolle.com\/es\/wp-json\/wp\/v2\/pages\/521\/revisions"}],"predecessor-version":[{"id":748,"href":"https:\/\/www.spkontrolle.com\/es\/wp-json\/wp\/v2\/pages\/521\/revisions\/748"}],"wp:attachment":[{"href":"https:\/\/www.spkontrolle.com\/es\/wp-json\/wp\/v2\/media?parent=521"}],"curies":[{"name":"wp","href":"https:\/\/api.w.org\/{rel}","templated":true}]}}