{"id":532,"date":"2024-04-02T07:01:54","date_gmt":"2024-04-02T07:01:54","guid":{"rendered":"https:\/\/spkontrolle.quelinka.es\/?page_id=532"},"modified":"2025-07-28T10:33:51","modified_gmt":"2025-07-28T10:33:51","slug":"aviso-legal","status":"publish","type":"page","link":"https:\/\/www.spkontrolle.com\/es\/aviso-legal\/","title":{"rendered":"Aviso legal"},"content":{"rendered":"\t\t<div data-elementor-type=\"wp-page\" data-elementor-id=\"532\" class=\"elementor elementor-532\" data-elementor-post-type=\"page\">\n\t\t\t\t\t\t<section class=\"elementor-section elementor-top-section elementor-element elementor-element-095ac5c elementor-section-boxed elementor-section-height-default elementor-section-height-default\" data-id=\"095ac5c\" data-element_type=\"section\">\n\t\t\t\t\t\t<div class=\"elementor-container elementor-column-gap-default\">\n\t\t\t\t\t<div class=\"elementor-column elementor-col-100 elementor-top-column elementor-element elementor-element-0c9924c\" data-id=\"0c9924c\" data-element_type=\"column\">\n\t\t\t<div class=\"elementor-widget-wrap elementor-element-populated\">\n\t\t\t\t\t\t<div class=\"elementor-element elementor-element-29d385d elementor-widget elementor-widget-text-editor\" data-id=\"29d385d\" data-element_type=\"widget\" data-widget_type=\"text-editor.default\">\n\t\t\t\t<div class=\"elementor-widget-container\">\n\t\t\t\t\t\t\t\t\t<ul><li>Raz\u00f3n social: SPKontrolle Develops GmbH<\/li><li>CIF:\u00a0 DE362787164<\/li><li>Direcci\u00f3n fiscal: Darmst\u00e4dter Landstra\u00dfe 116, 60598 Frankfurt am Main<\/li><li>Tel\u00e9fono: +49 0170 -2340016<\/li><li>Correo electr\u00f3nico: info@spkontrolle.com<\/li><\/ul>\t\t\t\t\t\t\t\t<\/div>\n\t\t\t\t<\/div>\n\t\t\t\t<div class=\"elementor-element elementor-element-a3e3393 elementor-widget elementor-widget-heading\" data-id=\"a3e3393\" data-element_type=\"widget\" data-widget_type=\"heading.default\">\n\t\t\t\t<div class=\"elementor-widget-container\">\n\t\t\t\t\t<h2 class=\"elementor-heading-title elementor-size-default\">Propiedad intelectual y contenido<\/h2>\t\t\t\t<\/div>\n\t\t\t\t<\/div>\n\t\t\t\t<div class=\"elementor-element elementor-element-b3ce6e7 elementor-widget elementor-widget-text-editor\" data-id=\"b3ce6e7\" data-element_type=\"widget\" data-widget_type=\"text-editor.default\">\n\t\t\t\t<div class=\"elementor-widget-container\">\n\t\t\t\t\t\t\t\t\t<p>SPKontrolle Develops GmbH es la entidad propietaria de los nombres de dominio que identifican al sitio web y es titular del alojamiento de las p\u00e1ginas en el servidor oportuno, as\u00ed como de las cuentas de correo electr\u00f3nico que pertenezcan al dominio citado. As\u00ed mismo, es propietaria de los contenidos publicados, textos y fotograf\u00edas mientras no se indique diferente propiedad.<\/p><p>No est\u00e1 permitida la reproducci\u00f3n y\/o publicaci\u00f3n, total o parcial, del portal o sus contenidos, ni su tratamiento inform\u00e1tico, su distribuci\u00f3n, su difusi\u00f3n, ni su modificaci\u00f3n, transformaci\u00f3n, ni dem\u00e1s derechos reconocidos legalmente a sus titulares, sin el permiso previo, expreso y por escrito de los autores identificados o de SPKontrolle Develops GmbH<\/p>\t\t\t\t\t\t\t\t<\/div>\n\t\t\t\t<\/div>\n\t\t\t\t<div class=\"elementor-element elementor-element-7a7376d elementor-widget elementor-widget-heading\" data-id=\"7a7376d\" data-element_type=\"widget\" data-widget_type=\"heading.default\">\n\t\t\t\t<div class=\"elementor-widget-container\">\n\t\t\t\t\t<h2 class=\"elementor-heading-title elementor-size-default\">Ley de la sociedad de la informaci\u00f3n y comercio electr\u00f3nico<\/h2>\t\t\t\t<\/div>\n\t\t\t\t<\/div>\n\t\t\t\t<div class=\"elementor-element elementor-element-7a1df56 elementor-widget elementor-widget-text-editor\" data-id=\"7a1df56\" data-element_type=\"widget\" data-widget_type=\"text-editor.default\">\n\t\t\t\t<div class=\"elementor-widget-container\">\n\t\t\t\t\t\t\t\t\t<p>En cumplimiento de la Ley 34\/2002 de 11 de Julio, de Servicios de la Sociedad de la Informaci\u00f3n\u00a0 y de Comercio Electr\u00f3nico, y la Ley 32\/2003, de 3 de noviembre, General de Telecomunicaciones se informa a los usuarios que el env\u00edo de los formularios o correos electr\u00f3nicos implicar\u00e1 el consentimiento expreso para recibir comunicaciones comerciales de SPKontrolle Develops GmbH mediante correo electr\u00f3nico o cualquier otro medio electr\u00f3nico de comunicaci\u00f3n. No obstante, sino desea seguir recibiendo comunicaciones comerciales puede comunicarlo en +49 0170 -2340016 y info@spkontrolle.com<\/p>\t\t\t\t\t\t\t\t<\/div>\n\t\t\t\t<\/div>\n\t\t\t\t<div class=\"elementor-element elementor-element-8b30fb1 elementor-widget elementor-widget-heading\" data-id=\"8b30fb1\" data-element_type=\"widget\" data-widget_type=\"heading.default\">\n\t\t\t\t<div class=\"elementor-widget-container\">\n\t\t\t\t\t<h2 class=\"elementor-heading-title elementor-size-default\">Legislaci\u00f3n aplicable<\/h2>\t\t\t\t<\/div>\n\t\t\t\t<\/div>\n\t\t\t\t<div class=\"elementor-element elementor-element-5586e94 elementor-widget elementor-widget-text-editor\" data-id=\"5586e94\" data-element_type=\"widget\" data-widget_type=\"text-editor.default\">\n\t\t\t\t<div class=\"elementor-widget-container\">\n\t\t\t\t\t\t\t\t\t<p>Toda la controversia surgida de la interpretaci\u00f3n del presente \u201cAviso Legal\u201d, \u201cPol\u00edtica de Privacidad\u201d o \u201cPol\u00edtica de cookies\u201d se regir\u00e1 por la legislaci\u00f3n alemana, en concreto a la jurisdicci\u00f3n de los Juzgados y Tribunales de Monatabaur.<\/p>\t\t\t\t\t\t\t\t<\/div>\n\t\t\t\t<\/div>\n\t\t\t\t\t<\/div>\n\t\t<\/div>\n\t\t\t\t\t<\/div>\n\t\t<\/section>\n\t\t\t\t<\/div>\n\t\t","protected":false},"excerpt":{"rendered":"<p>Raz\u00f3n social: SPKontrolle Develops GmbH CIF:\u00a0 DE362787164 Direcci\u00f3n fiscal: Darmst\u00e4dter Landstra\u00dfe 116, 60598 Frankfurt am Main Tel\u00e9fono: +49 0170 -2340016 Correo electr\u00f3nico: info@spkontrolle.com Propiedad intelectual y contenido SPKontrolle Develops GmbH es la entidad propietaria de los nombres de dominio que identifican al sitio web y es titular del alojamiento de las p\u00e1ginas en el servidor &#8230; <a title=\"Aviso legal\" class=\"read-more\" href=\"https:\/\/www.spkontrolle.com\/es\/aviso-legal\/\" aria-label=\"Leer m\u00e1s sobre Aviso legal\">Leer m\u00e1s<\/a><\/p>\n","protected":false},"author":2,"featured_media":0,"parent":0,"menu_order":0,"comment_status":"closed","ping_status":"closed","template":"elementor_header_footer","meta":{"_acf_changed":false,"footnotes":""},"class_list":["post-532","page","type-page","status-publish"],"acf":[],"_links":{"self":[{"href":"https:\/\/www.spkontrolle.com\/es\/wp-json\/wp\/v2\/pages\/532","targetHints":{"allow":["GET"]}}],"collection":[{"href":"https:\/\/www.spkontrolle.com\/es\/wp-json\/wp\/v2\/pages"}],"about":[{"href":"https:\/\/www.spkontrolle.com\/es\/wp-json\/wp\/v2\/types\/page"}],"author":[{"embeddable":true,"href":"https:\/\/www.spkontrolle.com\/es\/wp-json\/wp\/v2\/users\/2"}],"replies":[{"embeddable":true,"href":"https:\/\/www.spkontrolle.com\/es\/wp-json\/wp\/v2\/comments?post=532"}],"version-history":[{"count":16,"href":"https:\/\/www.spkontrolle.com\/es\/wp-json\/wp\/v2\/pages\/532\/revisions"}],"predecessor-version":[{"id":755,"href":"https:\/\/www.spkontrolle.com\/es\/wp-json\/wp\/v2\/pages\/532\/revisions\/755"}],"wp:attachment":[{"href":"https:\/\/www.spkontrolle.com\/es\/wp-json\/wp\/v2\/media?parent=532"}],"curies":[{"name":"wp","href":"https:\/\/api.w.org\/{rel}","templated":true}]}}