{"id":540,"date":"2024-04-02T07:16:12","date_gmt":"2024-04-02T07:16:12","guid":{"rendered":"https:\/\/spkontrolle.quelinka.es\/?page_id=540"},"modified":"2025-07-28T10:00:51","modified_gmt":"2025-07-28T10:00:51","slug":"politica-de-cookies","status":"publish","type":"page","link":"https:\/\/www.spkontrolle.com\/es\/politica-de-cookies\/","title":{"rendered":"Pol\u00edtica de cookies"},"content":{"rendered":"\t\t<div data-elementor-type=\"wp-page\" data-elementor-id=\"540\" class=\"elementor elementor-540\" data-elementor-post-type=\"page\">\n\t\t\t\t\t\t<section class=\"elementor-section elementor-top-section elementor-element elementor-element-1817bfe elementor-section-boxed elementor-section-height-default elementor-section-height-default\" data-id=\"1817bfe\" data-element_type=\"section\">\n\t\t\t\t\t\t<div class=\"elementor-container elementor-column-gap-default\">\n\t\t\t\t\t<div class=\"elementor-column elementor-col-100 elementor-top-column elementor-element elementor-element-04a5e38\" data-id=\"04a5e38\" data-element_type=\"column\">\n\t\t\t<div class=\"elementor-widget-wrap elementor-element-populated\">\n\t\t\t\t\t\t\t<\/div>\n\t\t<\/div>\n\t\t\t\t\t<\/div>\n\t\t<\/section>\n\t\t\t\t<section class=\"elementor-section elementor-top-section elementor-element elementor-element-70b64d6 elementor-section-boxed elementor-section-height-default elementor-section-height-default\" data-id=\"70b64d6\" data-element_type=\"section\">\n\t\t\t\t\t\t<div class=\"elementor-container elementor-column-gap-default\">\n\t\t\t\t\t<div class=\"elementor-column elementor-col-100 elementor-top-column elementor-element elementor-element-cd76b50\" data-id=\"cd76b50\" data-element_type=\"column\">\n\t\t\t<div class=\"elementor-widget-wrap elementor-element-populated\">\n\t\t\t\t\t\t<div class=\"elementor-element elementor-element-a7e2163 elementor-widget elementor-widget-text-editor\" data-id=\"a7e2163\" data-element_type=\"widget\" data-widget_type=\"text-editor.default\">\n\t\t\t\t<div class=\"elementor-widget-container\">\n\t\t\t\t\t\t\t\t\t<p>El responsable del tratamiento de sus datos personales es SPKontrolle Develops GmbH con CIF: DE362787164 y domicilio social en Darmst\u00e4dter Landstra\u00dfe 116, 60598 Frankfurt am Main<\/p>\t\t\t\t\t\t\t\t<\/div>\n\t\t\t\t<\/div>\n\t\t\t\t<div class=\"elementor-element elementor-element-d393d57 elementor-widget elementor-widget-heading\" data-id=\"d393d57\" data-element_type=\"widget\" data-widget_type=\"heading.default\">\n\t\t\t\t<div class=\"elementor-widget-container\">\n\t\t\t\t\t<h2 class=\"elementor-heading-title elementor-size-default\">Su privacidad es nuestra prioridad<\/h2>\t\t\t\t<\/div>\n\t\t\t\t<\/div>\n\t\t\t\t<div class=\"elementor-element elementor-element-1dcae2d elementor-widget elementor-widget-text-editor\" data-id=\"1dcae2d\" data-element_type=\"widget\" data-widget_type=\"text-editor.default\">\n\t\t\t\t<div class=\"elementor-widget-container\">\n\t\t\t\t\t\t\t\t\t<p>Este sitio web utiliza cookies o tecnolog\u00edas similares, propias y de terceros, de sesi\u00f3n o persistentes, que almacenan y recuperan informaci\u00f3n en su ordenador para optimizar su navegaci\u00f3n en el sitio web con las siguientes finalidades. Puede aceptar todas las cookies haciendo clic en la opci\u00f3n \u00abAceptar\u00bb, o configurarlas seg\u00fan sus preferencias personaliz\u00e1ndolas (\u00abConfiguraci\u00f3n\u00bb), o rechazar directamente todas las cookies (\u00abRechazar\u00bb) haciendo clic en la opci\u00f3n \u00abConfigurar\u00bb. Si usted es un usuario menor de 14 a\u00f1os, deber\u00e1 ser gestionado por su padre, madre o tutor. Puede encontrar informaci\u00f3n m\u00e1s detallada en nuestra Pol\u00edtica de Cookies.<\/p>\t\t\t\t\t\t\t\t<\/div>\n\t\t\t\t<\/div>\n\t\t\t\t<div class=\"elementor-element elementor-element-a88376c elementor-widget elementor-widget-heading\" data-id=\"a88376c\" data-element_type=\"widget\" data-widget_type=\"heading.default\">\n\t\t\t\t<div class=\"elementor-widget-container\">\n\t\t\t\t\t<h2 class=\"elementor-heading-title elementor-size-default\">Configuraci\u00f3n de sus preferencias para Cookies t\u00e9cnicas o necesarias<\/h2>\t\t\t\t<\/div>\n\t\t\t\t<\/div>\n\t\t\t\t<div class=\"elementor-element elementor-element-7e34799 elementor-widget elementor-widget-text-editor\" data-id=\"7e34799\" data-element_type=\"widget\" data-widget_type=\"text-editor.default\">\n\t\t\t\t<div class=\"elementor-widget-container\">\n\t\t\t\t\t\t\t\t\t<p>Estas cookies son absolutamente necesarias para el correcto funcionamiento de este sitio web y el usuario puede desactivarlas a trav\u00e9s de su navegador si es necesario.<\/p><p><b>Cookies de preferencias funcionales o de personalizaci\u00f3n\u00a0<\/b><br \/>Estas cookies nos permiten mejorar la funcionalidad de la p\u00e1gina de inicio, el idioma, la b\u00fasqueda y los servicios disponibles en el sitio web.<\/p><p>&#8211; Aceptar\u00a0 <br \/>&#8211; Rechazar<\/p><p><b>Cookies de an\u00e1lisis o medici\u00f3n son aqu\u00e9llas que\u00a0<\/b><br \/>permiten realizar, de forma an\u00f3nima, el an\u00e1lisis y medici\u00f3n del uso y actividad de esta web, incluyendo la cuantificaci\u00f3n del impacto publicitario.<\/p><p>&#8211; Aceptar\u00a0 <br \/>&#8211; Rechazar<\/p><p>Estas cookies almacenan informaci\u00f3n de navegaci\u00f3n que nos permite mostrar al usuario publicidad personalizada, tanto dentro como fuera de nuestra web.<\/p><p>&#8211; Aceptar\u00a0 <br \/>&#8211; Rechazar<br \/><span style=\"color: var( --e-global-color-text );\">&#8211;\u00a0<\/span><span style=\"background-color: var(--base-2);\">Configuraci\u00f3n\u00a0<\/span><\/p>\t\t\t\t\t\t\t\t<\/div>\n\t\t\t\t<\/div>\n\t\t\t\t<div class=\"elementor-element elementor-element-0e92fdb elementor-widget elementor-widget-heading\" data-id=\"0e92fdb\" data-element_type=\"widget\" data-widget_type=\"heading.default\">\n\t\t\t\t<div class=\"elementor-widget-container\">\n\t\t\t\t\t<h3 class=\"elementor-heading-title elementor-size-default\">1. \u00bfQu\u00e9 es un Cookie?<\/h3>\t\t\t\t<\/div>\n\t\t\t\t<\/div>\n\t\t\t\t<div class=\"elementor-element elementor-element-0d3e90f elementor-widget elementor-widget-text-editor\" data-id=\"0d3e90f\" data-element_type=\"widget\" data-widget_type=\"text-editor.default\">\n\t\t\t\t<div class=\"elementor-widget-container\">\n\t\t\t\t\t\t\t\t\t<p>Una cookie es un peque\u00f1o archivo que contiene informaci\u00f3n sobre la navegaci\u00f3n del usuario en el sitio web. Las cookies se env\u00edan al navegador del usuario y se almacenan en su ordenador.<\/p>\t\t\t\t\t\t\t\t<\/div>\n\t\t\t\t<\/div>\n\t\t\t\t<div class=\"elementor-element elementor-element-126eec2 elementor-widget elementor-widget-heading\" data-id=\"126eec2\" data-element_type=\"widget\" data-widget_type=\"heading.default\">\n\t\t\t\t<div class=\"elementor-widget-container\">\n\t\t\t\t\t<h3 class=\"elementor-heading-title elementor-size-default\">2. Finalidad de las Cookies.<\/h3>\t\t\t\t<\/div>\n\t\t\t\t<\/div>\n\t\t\t\t<div class=\"elementor-element elementor-element-fdf61fc elementor-widget elementor-widget-text-editor\" data-id=\"fdf61fc\" data-element_type=\"widget\" data-widget_type=\"text-editor.default\">\n\t\t\t\t<div class=\"elementor-widget-container\">\n\t\t\t\t\t\t\t\t\t<p>Las cookies se utilizan para recopilar informaci\u00f3n sobre el comportamiento de navegaci\u00f3n de los usuarios con el fin de analizar y determinar c\u00f3mo interact\u00faan con www.spkontrolle.com y mejorar as\u00ed su experiencia de navegaci\u00f3n.<\/p>\t\t\t\t\t\t\t\t<\/div>\n\t\t\t\t<\/div>\n\t\t\t\t<div class=\"elementor-element elementor-element-a193ee9 elementor-widget elementor-widget-heading\" data-id=\"a193ee9\" data-element_type=\"widget\" data-widget_type=\"heading.default\">\n\t\t\t\t<div class=\"elementor-widget-container\">\n\t\t\t\t\t<h3 class=\"elementor-heading-title elementor-size-default\">3. \u00bfQu\u00e9 es un Cookie?<\/h3>\t\t\t\t<\/div>\n\t\t\t\t<\/div>\n\t\t\t\t<div class=\"elementor-element elementor-element-723b745 elementor-widget elementor-widget-text-editor\" data-id=\"723b745\" data-element_type=\"widget\" data-widget_type=\"text-editor.default\">\n\t\t\t\t<div class=\"elementor-widget-container\">\n\t\t\t\t\t\t\t\t\t<p>Las cookies que utilizamos son<\/p><ul><li>Cookies anal\u00edticas (Google Analytics): Son aqu\u00e9llas que permiten realizar el seguimiento y an\u00e1lisis del comportamiento de los usuarios con el fin de introducir mejoras en funci\u00f3n del uso que hacen del sitio web y de los servicios. Tal y como indica Google, Google Analytics es una herramienta gratuita de an\u00e1lisis web proporcionada por Google que principalmente permite a los propietarios de sitios web conocer c\u00f3mo interact\u00faan los usuarios con su sitio web. Asimismo, activa cookies en el dominio del sitio web al que se accede y utiliza una serie de cookies denominadas \u00bb __utma \u00bb y \u00bb __utmz \u00bb para recopilar\u00a0<span style=\"color: var( --e-global-color-text ); background-color: var(--base-2);\">informaci\u00f3n an\u00f3nima\u00a0<\/span><span style=\"color: var( --e-global-color-text ); background-color: var(--base-2);\">y elaborar informes sobre las tendencias del sitio web sin identificar a usuarios individuales. Puede encontrar m\u00e1s informaci\u00f3n sobre Google Analytics en: https:\/\/developers.google.com\/analytics\/devguides\/collection\/analyticsjs\/cookie usage\u00a0<\/span><\/li><li><span style=\"color: var( --e-global-color-text ); background-color: var(--base-2);\">Cookies t\u00e9cnicas: Permiten al usuario la navegaci\u00f3n a trav\u00e9s de la p\u00e1gina web y la utilizaci\u00f3n de las diferentes opciones o servicios.<\/span><\/li><li><span style=\"color: var( --e-global-color-text ); background-color: var(--base-2);\">Cookies de plugins: Estas cookies se utilizan para compartir contenidos sociales. Las redes sociales almacenan este tipo de cookies en el dispositivo del usuario y acceden a ellas para que la red social pueda identificar a sus miembros cuando interact\u00faan con los plugins.<\/span><\/li><li><span style=\"color: var( --e-global-color-text ); background-color: var(--base-2);\">Cookies de reproductores multimedia: Almacenan datos t\u00e9cnicos necesarios para la reproducci\u00f3n de contenidos de v\u00eddeo o audio y garantizan una velocidad de conexi\u00f3n, calidad de imagen y par\u00e1metros de buffering adecuados.<\/span><\/li><\/ul>\t\t\t\t\t\t\t\t<\/div>\n\t\t\t\t<\/div>\n\t\t\t\t<div class=\"elementor-element elementor-element-d2905e0 elementor-widget elementor-widget-heading\" data-id=\"d2905e0\" data-element_type=\"widget\" data-widget_type=\"heading.default\">\n\t\t\t\t<div class=\"elementor-widget-container\">\n\t\t\t\t\t<h3 class=\"elementor-heading-title elementor-size-default\">4. Rechazo de Cookies. <\/h3>\t\t\t\t<\/div>\n\t\t\t\t<\/div>\n\t\t\t\t<div class=\"elementor-element elementor-element-af66b81 elementor-widget elementor-widget-text-editor\" data-id=\"af66b81\" data-element_type=\"widget\" data-widget_type=\"text-editor.default\">\n\t\t\t\t<div class=\"elementor-widget-container\">\n\t\t\t\t\t\t\t\t\t<p>El usuario puede desactivar las cookies en su dispositivo final a trav\u00e9s de la configuraci\u00f3n de su navegador, pero esto conduce a una experiencia de navegaci\u00f3n menos satisfactoria e incluso puede ser incorrecta. Puede encontrar m\u00e1s informaci\u00f3n sobre la desactivaci\u00f3n de cookies aqu\u00ed.<\/p><p>\u2022 Internet Explorer: <a href=\"http:\/\/windows.microsoft.com\/es-es\/windows-vista\/block-or allow-cookies\" data-wplink-url-error=\"true\">http:\/\/windows.microsoft.com\/es-es\/windows-vista\/block-or allow-cookies<\/a> <br \/>\u2022 Mozilla Firefox: <a href=\"https:\/\/support.mozilla.org\/es\/kb\/cookies-informacion-que-los sitios-web-guardan-en-?redirectlocale=en-us&amp;redirectslug=cookies\" data-wplink-url-error=\"true\">https:\/\/support.mozilla.org\/es\/kb\/cookies-informacion-que-los sitios-web-guardan-en-?redirectlocale=en-us&amp;redirectslug=cookies<\/a> <br \/>\u2022 Google Chrome: <a href=\"https:\/\/support.google.com\/chrome\/answer\/95647?hl=es\">https:\/\/support.google.com\/chrome\/answer\/95647?hl=es<\/a> <br \/>\u2022 Safari: <a href=\"https:\/\/support.apple.com\/es-es\/guide\/safari\/sfri11471\/mac\">https:\/\/support.apple.com\/es-es\/guide\/safari\/sfri11471\/mac<\/a><\/p>\t\t\t\t\t\t\t\t<\/div>\n\t\t\t\t<\/div>\n\t\t\t\t<div class=\"elementor-element elementor-element-a47393b elementor-widget elementor-widget-heading\" data-id=\"a47393b\" data-element_type=\"widget\" data-widget_type=\"heading.default\">\n\t\t\t\t<div class=\"elementor-widget-container\">\n\t\t\t\t\t<h2 class=\"elementor-heading-title elementor-size-default\">5. Establecer Cookies <\/h2>\t\t\t\t<\/div>\n\t\t\t\t<\/div>\n\t\t\t\t<div class=\"elementor-element elementor-element-7bfb56e elementor-widget elementor-widget-heading\" data-id=\"7bfb56e\" data-element_type=\"widget\" data-widget_type=\"heading.default\">\n\t\t\t\t<div class=\"elementor-widget-container\">\n\t\t\t\t\t<h3 class=\"elementor-heading-title elementor-size-default\">Cookies que se utilizan en https:\/\/spkontrolle.com\/<\/h3>\t\t\t\t<\/div>\n\t\t\t\t<\/div>\n\t\t\t\t<div class=\"elementor-element elementor-element-325c91d elementor-widget elementor-widget-text-editor\" data-id=\"325c91d\" data-element_type=\"widget\" data-widget_type=\"text-editor.default\">\n\t\t\t\t<div class=\"elementor-widget-container\">\n\t\t\t\t\t\t\t\t\t<table><tbody><tr><td><b> Nombre<\/b><\/td><td>DESCRIPCI\u00d3N<\/td><\/tr><tr><td><b>Vcp<\/b><\/td><td>Propio para la administraci\u00f3n del GRPD<\/td><\/tr><tr><td><b>vcf<\/b><\/td><td>Propio para la administraci\u00f3n del GRPD<\/td><\/tr><tr><td><b> vca <\/b><\/td><td>Propio para la administraci\u00f3n del GRPD<\/td><\/tr><tr><td><b> cc <\/b><\/td><td>Propio para la administraci\u00f3n del GRPD<\/td><\/tr><tr><td><b> YCS <\/b><\/td><td>Youtube<\/td><\/tr><tr><td><b> VISITOR_INFO1_LIVE <\/b><\/td><td>Youtube<\/td><\/tr><\/tbody><\/table>\t\t\t\t\t\t\t\t<\/div>\n\t\t\t\t<\/div>\n\t\t\t\t\t<\/div>\n\t\t<\/div>\n\t\t\t\t\t<\/div>\n\t\t<\/section>\n\t\t\t\t<\/div>\n\t\t","protected":false},"excerpt":{"rendered":"<p>El responsable del tratamiento de sus datos personales es SPKontrolle Develops GmbH con CIF: DE362787164 y domicilio social en Darmst\u00e4dter Landstra\u00dfe 116, 60598 Frankfurt am Main Su privacidad es nuestra prioridad Este sitio web utiliza cookies o tecnolog\u00edas similares, propias y de terceros, de sesi\u00f3n o persistentes, que almacenan y recuperan informaci\u00f3n en su ordenador &#8230; <a title=\"Pol\u00edtica de cookies\" class=\"read-more\" href=\"https:\/\/www.spkontrolle.com\/es\/politica-de-cookies\/\" aria-label=\"Leer m\u00e1s sobre Pol\u00edtica de cookies\">Leer m\u00e1s<\/a><\/p>\n","protected":false},"author":2,"featured_media":0,"parent":0,"menu_order":0,"comment_status":"closed","ping_status":"closed","template":"elementor_header_footer","meta":{"_acf_changed":false,"footnotes":""},"class_list":["post-540","page","type-page","status-publish"],"acf":[],"_links":{"self":[{"href":"https:\/\/www.spkontrolle.com\/es\/wp-json\/wp\/v2\/pages\/540","targetHints":{"allow":["GET"]}}],"collection":[{"href":"https:\/\/www.spkontrolle.com\/es\/wp-json\/wp\/v2\/pages"}],"about":[{"href":"https:\/\/www.spkontrolle.com\/es\/wp-json\/wp\/v2\/types\/page"}],"author":[{"embeddable":true,"href":"https:\/\/www.spkontrolle.com\/es\/wp-json\/wp\/v2\/users\/2"}],"replies":[{"embeddable":true,"href":"https:\/\/www.spkontrolle.com\/es\/wp-json\/wp\/v2\/comments?post=540"}],"version-history":[{"count":10,"href":"https:\/\/www.spkontrolle.com\/es\/wp-json\/wp\/v2\/pages\/540\/revisions"}],"predecessor-version":[{"id":728,"href":"https:\/\/www.spkontrolle.com\/es\/wp-json\/wp\/v2\/pages\/540\/revisions\/728"}],"wp:attachment":[{"href":"https:\/\/www.spkontrolle.com\/es\/wp-json\/wp\/v2\/media?parent=540"}],"curies":[{"name":"wp","href":"https:\/\/api.w.org\/{rel}","templated":true}]}}